{"id":140,"date":"2015-06-21T15:26:33","date_gmt":"2015-06-21T15:26:33","guid":{"rendered":"http:\/\/www.dackelzucht-vom-huegelchen.de\/?page_id=140"},"modified":"2026-04-07T17:27:13","modified_gmt":"2026-04-07T17:27:13","slug":"welpen","status":"publish","type":"page","link":"https:\/\/www.dackelbeglueckt.de\/?page_id=140","title":{"rendered":"Unser Rudel"},"content":{"rendered":"\n<p><\/p>\n\n\n<\/p>\n<p><strong>Nobby-Dick vom H\u00fcgelchen<a href=\"https:\/\/www.dackelbeglueckt.de\/wp-content\/uploads\/2025\/07\/IMG_0032-scaled.jpg\"><img loading=\"lazy\" decoding=\"async\" class=\"size-medium wp-image-2048 alignleft\" src=\"https:\/\/www.dackelbeglueckt.de\/wp-content\/uploads\/2025\/07\/IMG_0032-300x200.jpg\" alt=\"\" width=\"300\" height=\"200\" srcset=\"https:\/\/www.dackelbeglueckt.de\/wp-content\/uploads\/2025\/07\/IMG_0032-300x200.jpg 300w, https:\/\/www.dackelbeglueckt.de\/wp-content\/uploads\/2025\/07\/IMG_0032-1024x683.jpg 1024w, https:\/\/www.dackelbeglueckt.de\/wp-content\/uploads\/2025\/07\/IMG_0032-768x512.jpg 768w, https:\/\/www.dackelbeglueckt.de\/wp-content\/uploads\/2025\/07\/IMG_0032-1536x1024.jpg 1536w, https:\/\/www.dackelbeglueckt.de\/wp-content\/uploads\/2025\/07\/IMG_0032-2048x1365.jpg 2048w, https:\/\/www.dackelbeglueckt.de\/wp-content\/uploads\/2025\/07\/IMG_0032-624x416.jpg 624w\" sizes=\"auto, (max-width: 300px) 100vw, 300px\" \/><\/a><\/strong><\/p>\n<p data-start=\"188\" data-end=\"237\"><em data-start=\"188\" data-end=\"216\">geboren am 5. Oktober 2023<\/em><br data-start=\"216\" data-end=\"219\" \/><strong data-start=\"219\" data-end=\"231\">Rufname:<\/strong> Nobby<\/p>\n<div class=\"flex max-w-full flex-col grow\">\n<div class=\"min-h-8 text-message relative flex w-full flex-col items-end gap-2 text-start break-words whitespace-normal [.text-message+&amp;]:mt-5\" dir=\"auto\" data-message-author-role=\"assistant\" data-message-id=\"18146372-4745-4368-9f1b-569ccf1e868c\" data-message-model-slug=\"gpt-4o\">\n<p data-start=\"142\" data-end=\"151\">\n<div class=\"flex w-full flex-col gap-1 empty:hidden first:pt-[3px]\">\n<div class=\"markdown prose dark:prose-invert w-full break-words light\">\n<p data-start=\"153\" data-end=\"243\">\n<p data-start=\"153\" data-end=\"243\"><strong><em>Manche Hunde werden geboren, um alles ein bisschen heller zu machen.<\/em><\/strong><br data-start=\"221\" data-end=\"224\" \/><strong><em>Nobby ist so einer.<\/em><\/strong><\/p>\n<p data-start=\"592\" data-end=\"904\"><strong data-start=\"592\" data-end=\"641\">Er war unser kleinster Wurf\u00a0 ein Einzelkind.<\/strong><br data-start=\"641\" data-end=\"644\" \/>Schon vor der Geburt war klar: Das wird kein leichter Start. Denn bei nur einem Welpen fehlt oft die n\u00f6tige Wehent\u00e4tigkeit, ein nat\u00fcrlicher Geburtsverlauf ist selten m\u00f6glich. Geplanter Kaiserschnitt? Kaum durchf\u00fchrbar. Also hie\u00df es: Warten, beobachten, hoffen.<\/p>\n<p data-start=\"906\" data-end=\"1318\">Am 5. Oktober 2023 kam Nobby schlie\u00dflich per Kaiserschnitt zur Welt zart, winzig und voller Lebenswillen. Doch die ersten Tage waren nicht einfach. Seine Mama hatte nach dem Eingriff kaum Milch, und so begannen wir, ihn Tag und Nacht liebevoll mit der Flasche zu f\u00fcttern. Gleichzeitig legten wir ihn immer wieder behutsam an, um die Milchbildung in Gang zu bringen, mit Geduld, N\u00e4he und ganz viel Hautkontakt.<\/p>\n<p data-start=\"1320\" data-end=\"1597\">Und dann geschah das kleine Wunder: Die Milch kam, seine Mama nahm ihn vollst\u00e4ndig an, und Nobby konnte endlich selbst trinken. Von da an entwickelte er sich pr\u00e4chtig. Diese intensive erste Zeit hat uns ganz besonders miteinander verbunden.<br data-start=\"1560\" data-end=\"1563\" \/><strong data-start=\"1563\" data-end=\"1597\">Er ist einfach unser Herzhund.<\/strong><\/p>\n<p data-start=\"1599\" data-end=\"1967\">Nobby ist neugierig, freundlich, verschmust\u00a0 ein kleiner Charmeur auf vier Pfoten. Und ganz nebenbei: ein Ausbruchk\u00fcnstler erster Klasse. Keine Gartent\u00fcr, keine L\u00fccke bleibt lange unentdeckt. Mit \u00fcberraschender Eleganz schl\u00e4ngelt er sich durch jede Gelegenheit in die Freiheit. Wir mussten tats\u00e4chlich Schleusen bauen, nicht f\u00fcr die Dackelmeute, sondern nur f\u00fcr ihn.<\/p>\n<p data-start=\"1969\" data-end=\"2144\">Wer unser Haus betritt, wird von ihm wie ein alter Freund begr\u00fc\u00dft.<br data-start=\"2035\" data-end=\"2038\" \/><strong data-start=\"2038\" data-end=\"2103\">Sein Lieblingsplatz? Am liebsten dort, wo man ihn streichelt.<\/strong><br data-start=\"2103\" data-end=\"2106\" \/><strong data-start=\"2106\" data-end=\"2144\">Ein Leben ohne ihn? Unvorstellbar.<\/strong><\/p>\n<hr data-start=\"2146\" data-end=\"2149\" \/>\n<p data-start=\"553\" data-end=\"864\">\n<p data-start=\"1081\" data-end=\"1449\">\n<hr data-start=\"1619\" data-end=\"1622\" \/><\/div>\n<\/div>\n<\/div>\n<\/div>\n<p style=\"text-align: left;\">\n<p>\u00a0 \u00a0 \u00a0<strong>Ilvy vom H\u00fcgelchen<\/strong><\/p>\n<p style=\"text-align: left;\"><strong><a href=\"https:\/\/www.dackelbeglueckt.de\/wp-content\/uploads\/2023\/02\/IMG_6436-scaled-e1676300157106.jpg\"><img loading=\"lazy\" decoding=\"async\" class=\"wp-image-1536 alignnone\" src=\"https:\/\/www.dackelbeglueckt.de\/wp-content\/uploads\/2023\/02\/IMG_6436-scaled-e1676300157106-300x212.jpg\" alt=\"\" width=\"278\" height=\"197\" srcset=\"https:\/\/www.dackelbeglueckt.de\/wp-content\/uploads\/2023\/02\/IMG_6436-scaled-e1676300157106-300x212.jpg 300w, https:\/\/www.dackelbeglueckt.de\/wp-content\/uploads\/2023\/02\/IMG_6436-scaled-e1676300157106-768x544.jpg 768w, https:\/\/www.dackelbeglueckt.de\/wp-content\/uploads\/2023\/02\/IMG_6436-scaled-e1676300157106-624x442.jpg 624w, https:\/\/www.dackelbeglueckt.de\/wp-content\/uploads\/2023\/02\/IMG_6436-scaled-e1676300157106.jpg 1011w\" sizes=\"auto, (max-width: 278px) 100vw, 278px\" \/><\/a><br \/><\/strong><\/p>\n<p data-start=\"356\" data-end=\"403\"><strong><em data-start=\"356\" data-end=\"383\">geboren am 18. April 2021<\/em><\/strong><br data-start=\"383\" data-end=\"386\" \/>Ilvy ist das genaue Gegenteil von unserem L\u00fcttchen\u00a0 eine wahre Rudelschefin mit gro\u00dfem Herz und klarem Willen. Sie ist vorsichtig, manchmal misstrauisch gegen\u00fcber Besuchern und sehr wachsam, wenn es um ihr Zuhause und ihre Menschen geht.<\/p>\n<p data-start=\"646\" data-end=\"900\">Mit einer majest\u00e4tischen Haltung und stolz wie ein Sch\u00e4ferhund schreitet sie durchs Leben\u00a0 sie l\u00e4sst sich nichts gefallen und nimmt ihre Rolle als Besch\u00fctzerin sehr ernst. Ilvy ist eine K\u00e4mpferin, die ihre Familie verteidigt und ihr Revier im Blick hat.<\/p>\n<p data-start=\"902\" data-end=\"1248\">Das Verhalten hat sicher auch mit ihrer Welpenzeit zu tun: Geboren mitten in der Corona-Zeit, war ihre Sozialisierung stark eingeschr\u00e4nkt. Wenig Kontakt zu Menschen und Tieren pr\u00e4gte sie.Doch hinter dieser starken Fassade steckt eine liebevolle und verschmuste Dackeldame.\u00a0<\/p>\n<p data-start=\"1563\" data-end=\"1672\">Ilvy ist eine Dackelprinzessin mit Ecken und Kanten und genau deshalb einzigartig und unersetzlich f\u00fcr uns.<\/p>\n<p><a href=\"https:\/\/www.dackelbeglueckt.de\/wp-content\/uploads\/2022\/01\/IMG_5729-scaled.jpg\"><img loading=\"lazy\" decoding=\"async\" class=\"alignnone wp-image-1287 size-medium\" src=\"https:\/\/www.dackelbeglueckt.de\/wp-content\/uploads\/2022\/01\/IMG_5729-scaled-e1676300223616-300x195.jpg\" alt=\"\" width=\"300\" height=\"195\" srcset=\"https:\/\/www.dackelbeglueckt.de\/wp-content\/uploads\/2022\/01\/IMG_5729-scaled-e1676300223616-300x195.jpg 300w, https:\/\/www.dackelbeglueckt.de\/wp-content\/uploads\/2022\/01\/IMG_5729-scaled-e1676300223616-1024x666.jpg 1024w, https:\/\/www.dackelbeglueckt.de\/wp-content\/uploads\/2022\/01\/IMG_5729-scaled-e1676300223616-768x499.jpg 768w, https:\/\/www.dackelbeglueckt.de\/wp-content\/uploads\/2022\/01\/IMG_5729-scaled-e1676300223616-1536x999.jpg 1536w, https:\/\/www.dackelbeglueckt.de\/wp-content\/uploads\/2022\/01\/IMG_5729-scaled-e1676300223616-624x406.jpg 624w, https:\/\/www.dackelbeglueckt.de\/wp-content\/uploads\/2022\/01\/IMG_5729-scaled-e1676300223616.jpg 1593w\" sizes=\"auto, (max-width: 300px) 100vw, 300px\" \/><\/a> \u00a0 \u00a0 \u00a0 \u00a0 <a href=\"https:\/\/www.dackelbeglueckt.de\/wp-content\/uploads\/2023\/02\/IMG_0291-scaled.jpg\"><img loading=\"lazy\" decoding=\"async\" class=\"alignnone wp-image-1537 \" src=\"https:\/\/www.dackelbeglueckt.de\/wp-content\/uploads\/2023\/02\/IMG_0291-scaled-e1676300321547-300x246.jpg\" alt=\"\" width=\"236\" height=\"194\" srcset=\"https:\/\/www.dackelbeglueckt.de\/wp-content\/uploads\/2023\/02\/IMG_0291-scaled-e1676300321547-300x246.jpg 300w, https:\/\/www.dackelbeglueckt.de\/wp-content\/uploads\/2023\/02\/IMG_0291-scaled-e1676300321547-1024x840.jpg 1024w, https:\/\/www.dackelbeglueckt.de\/wp-content\/uploads\/2023\/02\/IMG_0291-scaled-e1676300321547-768x630.jpg 768w, https:\/\/www.dackelbeglueckt.de\/wp-content\/uploads\/2023\/02\/IMG_0291-scaled-e1676300321547-1536x1260.jpg 1536w, https:\/\/www.dackelbeglueckt.de\/wp-content\/uploads\/2023\/02\/IMG_0291-scaled-e1676300321547-624x512.jpg 624w, https:\/\/www.dackelbeglueckt.de\/wp-content\/uploads\/2023\/02\/IMG_0291-scaled-e1676300321547.jpg 1817w\" sizes=\"auto, (max-width: 236px) 100vw, 236px\" \/><\/a><span style=\"color: #ff0000;\"> \u00a0\u00a0<\/span><\/p>\n<\/p>\n<p><strong>Julika-L\u00fctte vom H\u00fcgelchen<\/strong><\/p>\n<p><a href=\"https:\/\/www.dackelbeglueckt.de\/wp-content\/uploads\/2023\/02\/IMG_0028-scaled-e1676301077759.jpg\"><img loading=\"lazy\" decoding=\"async\" class=\"wp-image-1540 alignleft\" src=\"https:\/\/www.dackelbeglueckt.de\/wp-content\/uploads\/2023\/02\/IMG_0028-scaled-e1676301077759-288x300.jpg\" alt=\"\" width=\"306\" height=\"319\" srcset=\"https:\/\/www.dackelbeglueckt.de\/wp-content\/uploads\/2023\/02\/IMG_0028-scaled-e1676301077759-288x300.jpg 288w, https:\/\/www.dackelbeglueckt.de\/wp-content\/uploads\/2023\/02\/IMG_0028-scaled-e1676301077759-982x1024.jpg 982w, https:\/\/www.dackelbeglueckt.de\/wp-content\/uploads\/2023\/02\/IMG_0028-scaled-e1676301077759-768x801.jpg 768w, https:\/\/www.dackelbeglueckt.de\/wp-content\/uploads\/2023\/02\/IMG_0028-scaled-e1676301077759-624x651.jpg 624w, https:\/\/www.dackelbeglueckt.de\/wp-content\/uploads\/2023\/02\/IMG_0028-scaled-e1676301077759.jpg 1459w\" sizes=\"auto, (max-width: 306px) 100vw, 306px\" \/><\/a><\/p>\n<p data-start=\"264\" data-end=\"314\"><em data-start=\"264\" data-end=\"293\">geboren am 30. Oktober 2021<\/em><br data-start=\"293\" data-end=\"296\" \/><strong data-start=\"296\" data-end=\"308\">Rufname:<\/strong> L\u00fctte<\/p>\n<p data-start=\"316\" data-end=\"598\">L\u00fctte\u00a0 der Name passt wie kein anderer zu ihr. Als kleinste im J-Wurf geboren, tr\u00e4gt sie ihren Kosenamen nicht nur in der Gr\u00f6\u00dfe, sondern auch in ihrem Wesen. Unser L\u00fcttchen ist der Inbegriff von Sanftheit: unterw\u00fcrfig im Rudel, zutraulich im Herzen und eine Seele von einem Dackel.Sie ist vertr\u00e4glich mit allem und jedem, jeden Tag fr\u00f6hlich und freundlich\u00a0 als h\u00e4tte sie beschlossen, nur das Gute in die Welt zu tragen. L\u00fctte ist unsere Sonnenseele, ein Dackelm\u00e4dchen, das nie zickig ist, nie etwas kaputt macht, nie aneckt. Immer mittendrin, aber nie aufdringlich. Wer sie kennt, sp\u00fcrt schnell: In diesem kleinen K\u00f6rper steckt nichts als Liebe.Und L\u00fctte sp\u00fcrt, wenn man traurig ist. Dann kommt sie leise, legt sich an deine Seite oder stupst dich sacht als wollte sie sagen: \u201eIch bin da. Komm, wir gehen ein bisschen spazieren.\u201c Sie ist eine Tr\u00f6sterin, eine Zuh\u00f6rerin, eine Herzensdame. Manchmal fragen wir uns, ob sie \u00fcberhaupt irgendetwas B\u00f6ses kennt.<\/p>\n<p data-start=\"1280\" data-end=\"1340\">L\u00fctte ist einfach unser Schatz. Unser Engel auf vier Pfoten.<a href=\"https:\/\/www.dackelbeglueckt.de\/wp-content\/uploads\/2023\/02\/IMG_1119-1-scaled-e1676301132378.jpg\"><img loading=\"lazy\" decoding=\"async\" class=\"wp-image-1541 alignleft\" src=\"https:\/\/www.dackelbeglueckt.de\/wp-content\/uploads\/2023\/02\/IMG_1119-1-scaled-e1676301132378-257x300.jpg\" alt=\"\" width=\"193\" height=\"225\" srcset=\"https:\/\/www.dackelbeglueckt.de\/wp-content\/uploads\/2023\/02\/IMG_1119-1-scaled-e1676301132378-257x300.jpg 257w, https:\/\/www.dackelbeglueckt.de\/wp-content\/uploads\/2023\/02\/IMG_1119-1-scaled-e1676301132378-877x1024.jpg 877w, https:\/\/www.dackelbeglueckt.de\/wp-content\/uploads\/2023\/02\/IMG_1119-1-scaled-e1676301132378-768x896.jpg 768w, https:\/\/www.dackelbeglueckt.de\/wp-content\/uploads\/2023\/02\/IMG_1119-1-scaled-e1676301132378-624x728.jpg 624w, https:\/\/www.dackelbeglueckt.de\/wp-content\/uploads\/2023\/02\/IMG_1119-1-scaled-e1676301132378.jpg 921w\" sizes=\"auto, (max-width: 193px) 100vw, 193px\" \/><\/a> \u00a0\u00a0 \u00a0\u00a0 \u00a0\u00a0 \u00a0\u00a0 \u00a0<a href=\"https:\/\/www.dackelbeglueckt.de\/wp-content\/uploads\/2023\/02\/IMG_1329-scaled-e1676301287430.jpg\"><img loading=\"lazy\" decoding=\"async\" class=\"alignnone wp-image-1542\" src=\"https:\/\/www.dackelbeglueckt.de\/wp-content\/uploads\/2023\/02\/IMG_1329-scaled-e1676301287430-300x230.jpg\" alt=\"\" width=\"220\" height=\"168\" srcset=\"https:\/\/www.dackelbeglueckt.de\/wp-content\/uploads\/2023\/02\/IMG_1329-scaled-e1676301287430-300x230.jpg 300w, https:\/\/www.dackelbeglueckt.de\/wp-content\/uploads\/2023\/02\/IMG_1329-scaled-e1676301287430-1024x786.jpg 1024w, https:\/\/www.dackelbeglueckt.de\/wp-content\/uploads\/2023\/02\/IMG_1329-scaled-e1676301287430-768x590.jpg 768w, https:\/\/www.dackelbeglueckt.de\/wp-content\/uploads\/2023\/02\/IMG_1329-scaled-e1676301287430-1536x1179.jpg 1536w, https:\/\/www.dackelbeglueckt.de\/wp-content\/uploads\/2023\/02\/IMG_1329-scaled-e1676301287430-624x479.jpg 624w, https:\/\/www.dackelbeglueckt.de\/wp-content\/uploads\/2023\/02\/IMG_1329-scaled-e1676301287430.jpg 1766w\" sizes=\"auto, (max-width: 220px) 100vw, 220px\" \/><\/a> \u00a0\u00a0\u00a0 <a href=\"https:\/\/www.dackelbeglueckt.de\/wp-content\/uploads\/2023\/02\/IMG-20230213-WA0008.jpg\"><img loading=\"lazy\" decoding=\"async\" class=\"alignnone wp-image-1679\" src=\"https:\/\/www.dackelbeglueckt.de\/wp-content\/uploads\/2023\/02\/IMG-20230213-WA0008-300x244.jpg\" alt=\"\" width=\"158\" height=\"128\" \/><\/a><\/p>\n<\/p>\n<p><strong>Fantastic-Boy vom Butzelwald<\/strong><\/p>\n<p><a href=\"https:\/\/www.dackelbeglueckt.de\/wp-content\/uploads\/2022\/05\/Filou-scaled.jpg\"><img loading=\"lazy\" decoding=\"async\" class=\"alignnone size-medium wp-image-1439\" src=\"https:\/\/www.dackelbeglueckt.de\/wp-content\/uploads\/2022\/05\/Filou-164x300.jpg\" alt=\"\" width=\"164\" height=\"300\" srcset=\"https:\/\/www.dackelbeglueckt.de\/wp-content\/uploads\/2022\/05\/Filou-164x300.jpg 164w, https:\/\/www.dackelbeglueckt.de\/wp-content\/uploads\/2022\/05\/Filou-560x1024.jpg 560w, https:\/\/www.dackelbeglueckt.de\/wp-content\/uploads\/2022\/05\/Filou-768x1404.jpg 768w, https:\/\/www.dackelbeglueckt.de\/wp-content\/uploads\/2022\/05\/Filou-840x1536.jpg 840w, https:\/\/www.dackelbeglueckt.de\/wp-content\/uploads\/2022\/05\/Filou-1121x2048.jpg 1121w, https:\/\/www.dackelbeglueckt.de\/wp-content\/uploads\/2022\/05\/Filou-624x1140.jpg 624w, https:\/\/www.dackelbeglueckt.de\/wp-content\/uploads\/2022\/05\/Filou-scaled.jpg 1401w\" sizes=\"auto, (max-width: 164px) 100vw, 164px\" \/><\/a> \u00a0\u00a0\u00a0\u00a0\u00a0\u00a0 <a href=\"https:\/\/www.dackelbeglueckt.de\/wp-content\/uploads\/2022\/05\/20220424120751_IMG_1593-scaled.jpg\"><img loading=\"lazy\" decoding=\"async\" class=\"alignnone wp-image-1438 size-medium\" src=\"https:\/\/www.dackelbeglueckt.de\/wp-content\/uploads\/2022\/05\/20220424120751_IMG_1593-scaled-e1676305662753-191x300.jpg\" alt=\"\" width=\"191\" height=\"300\" srcset=\"https:\/\/www.dackelbeglueckt.de\/wp-content\/uploads\/2022\/05\/20220424120751_IMG_1593-scaled-e1676305662753-191x300.jpg 191w, https:\/\/www.dackelbeglueckt.de\/wp-content\/uploads\/2022\/05\/20220424120751_IMG_1593-scaled-e1676305662753-652x1024.jpg 652w, https:\/\/www.dackelbeglueckt.de\/wp-content\/uploads\/2022\/05\/20220424120751_IMG_1593-scaled-e1676305662753-768x1207.jpg 768w, https:\/\/www.dackelbeglueckt.de\/wp-content\/uploads\/2022\/05\/20220424120751_IMG_1593-scaled-e1676305662753-978x1536.jpg 978w, https:\/\/www.dackelbeglueckt.de\/wp-content\/uploads\/2022\/05\/20220424120751_IMG_1593-scaled-e1676305662753-1304x2048.jpg 1304w, https:\/\/www.dackelbeglueckt.de\/wp-content\/uploads\/2022\/05\/20220424120751_IMG_1593-scaled-e1676305662753-624x980.jpg 624w, https:\/\/www.dackelbeglueckt.de\/wp-content\/uploads\/2022\/05\/20220424120751_IMG_1593-scaled-e1676305662753.jpg 1401w\" sizes=\"auto, (max-width: 191px) 100vw, 191px\" \/><\/a><\/p>\n<p data-start=\"172\" data-end=\"220\"><em data-start=\"172\" data-end=\"201\">Geboren am 19. Oktober 2021<\/em><br data-start=\"201\" data-end=\"204\" \/><em data-start=\"204\" data-end=\"220\">Rufname: Filou<\/em><\/p>\n<p data-start=\"222\" data-end=\"496\">Lange haben wir auf ihn gewartet\u00a0 voller Vorfreude, Hoffnung und Herzklopfen. Und dann war es endlich so weit: In Berlin, bei einer liebevollen Z\u00fcchterin , durften wir unseren schokobraunen Traum in Empfang nehmen.Filou tr\u00e4gt das Besondere in sich nicht laut, nicht aufdringlich, sondern auf seine ganz eigene, leise und edle Art. Er schenkt seine Zuneigung nicht jedem sofort. Wer sein Herz gewinnen will, braucht Geduld, Respekt und echte N\u00e4he. Doch wer dieses Herz einmal ber\u00fchrt hat, dem bleibt es f\u00fcr immer offen.<\/p>\n<p data-start=\"1089\" data-end=\"1401\">Im Rudel ist Filou ein Ruhepol\u00a0 souver\u00e4n, sanft und immer aufmerksam. Die Verbindung zu seinem Sohn Nobby ist r\u00fchrend sch\u00f6n: Die beiden sind ein unschlagbares Duo, voller Vertrautheit und Harmonie. W\u00e4hrend Nobby alle Herzen im Sturm erobert, bleibt Filou lieber im Hintergrund und beobachtet\u00a0 wachsam und klug.<\/p>\n<p data-start=\"1403\" data-end=\"1722\">Seine gro\u00dfe Welt ist das Zuhause. Filou liebt die vertrauten Wege, seine Lieblingspl\u00e4tze und die leisen Momente. Gro\u00dfe Abenteuer reizen ihn nicht\u00a0 er ist ein Dackel f\u00fcrs Herz, nicht f\u00fcr die gro\u00dfe B\u00fchne. Und doch: Mit seinem verschmitzten Blick und seiner stillen Pr\u00e4senz zaubert er uns t\u00e4glich ein L\u00e4cheln ins Gesicht.<\/p>\n<\/p>\n<p><a href=\"https:\/\/www.dackelbeglueckt.de\/wp-content\/uploads\/2023\/02\/IMG_0208-scaled-e1676302870307.jpg\"><img loading=\"lazy\" decoding=\"async\" class=\"alignnone  wp-image-1549\" src=\"https:\/\/www.dackelbeglueckt.de\/wp-content\/uploads\/2023\/02\/IMG_0208-scaled-e1676302870307-250x300.jpg\" alt=\"\" width=\"182\" height=\"219\" srcset=\"https:\/\/www.dackelbeglueckt.de\/wp-content\/uploads\/2023\/02\/IMG_0208-scaled-e1676302870307-250x300.jpg 250w, https:\/\/www.dackelbeglueckt.de\/wp-content\/uploads\/2023\/02\/IMG_0208-scaled-e1676302870307.jpg 544w\" sizes=\"auto, (max-width: 182px) 100vw, 182px\" \/><\/a> \u00a0\u00a0\u00a0\u00a0\u00a0 <a href=\"https:\/\/www.dackelbeglueckt.de\/wp-content\/uploads\/2023\/02\/IMG_1042-scaled-e1676302921211.jpg\"><img loading=\"lazy\" decoding=\"async\" class=\"alignnone  wp-image-1496\" src=\"https:\/\/www.dackelbeglueckt.de\/wp-content\/uploads\/2023\/02\/IMG_1042-scaled-e1676302921211-300x227.jpg\" alt=\"\" width=\"286\" height=\"217\" srcset=\"https:\/\/www.dackelbeglueckt.de\/wp-content\/uploads\/2023\/02\/IMG_1042-scaled-e1676302921211-300x227.jpg 300w, https:\/\/www.dackelbeglueckt.de\/wp-content\/uploads\/2023\/02\/IMG_1042-scaled-e1676302921211-1024x774.jpg 1024w, https:\/\/www.dackelbeglueckt.de\/wp-content\/uploads\/2023\/02\/IMG_1042-scaled-e1676302921211-768x581.jpg 768w, https:\/\/www.dackelbeglueckt.de\/wp-content\/uploads\/2023\/02\/IMG_1042-scaled-e1676302921211-624x472.jpg 624w, https:\/\/www.dackelbeglueckt.de\/wp-content\/uploads\/2023\/02\/IMG_1042-scaled-e1676302921211.jpg 1337w\" sizes=\"auto, (max-width: 286px) 100vw, 286px\" \/><\/a><\/p>\n<h1><span style=\"color: #000000;\">\u00a0 \u00a0 \u00a0 \u00a0 \u00a0 \u00a0 \u00a0 \u00a0 \u00a0\u00a0<\/span><\/h1>\n<\/p>\n\n\n<div class=\"wp-block-columns is-layout-flex wp-container-core-columns-is-layout-9d6595d7 wp-block-columns-is-layout-flex\">\n<div class=\"wp-block-column is-layout-flow wp-block-column-is-layout-flow\"><\/div>\n\n\n\n<div class=\"wp-block-column is-layout-flow wp-block-column-is-layout-flow\"><\/div>\n<\/div>\n\n\n\n<h1 class=\"wp-block-heading\">\ud83c\udf08 <strong>F\u00fcr immer ein Teil unseres Rudels<\/strong><\/h1>\n\n\n\n<h1 class=\"wp-block-heading\"><a href=\"http:\/\/dackelbeglueckt.de\/wp-content\/uploads\/2015\/06\/Ruepel_072.jpg\"><\/a><\/h1>\n\n\n\n<blockquote class=\"wp-block-quote is-layout-flow wp-block-quote-is-layout-flow\">\n<p><em>Auch wenn du nicht mehr bei uns bist\u00a0 in unseren Herzen und Geschichten lebts du weiter. Du   hast Spuren hinterlassen, tiefer als jede Pfote je treten kann. \u00a0<\/em><\/p>\n<\/blockquote>\n\n\n\n<figure class=\"wp-block-image is-resized\"><a href=\"https:\/\/www.dackelbeglueckt.de\/wp-content\/uploads\/2022\/01\/IMG_6092-scaled.jpg\"><img loading=\"lazy\" decoding=\"async\" width=\"300\" height=\"200\" src=\"https:\/\/www.dackelbeglueckt.de\/wp-content\/uploads\/2022\/01\/IMG_6092-300x200.jpg\" alt=\"\" class=\"wp-image-1289\" style=\"width:300px;height:auto\" srcset=\"https:\/\/www.dackelbeglueckt.de\/wp-content\/uploads\/2022\/01\/IMG_6092-300x200.jpg 300w, https:\/\/www.dackelbeglueckt.de\/wp-content\/uploads\/2022\/01\/IMG_6092-1024x683.jpg 1024w, https:\/\/www.dackelbeglueckt.de\/wp-content\/uploads\/2022\/01\/IMG_6092-768x512.jpg 768w, https:\/\/www.dackelbeglueckt.de\/wp-content\/uploads\/2022\/01\/IMG_6092-1536x1024.jpg 1536w, https:\/\/www.dackelbeglueckt.de\/wp-content\/uploads\/2022\/01\/IMG_6092-2048x1365.jpg 2048w, https:\/\/www.dackelbeglueckt.de\/wp-content\/uploads\/2022\/01\/IMG_6092-624x416.jpg 624w\" sizes=\"auto, (max-width: 300px) 100vw, 300px\" \/><\/a><\/figure>\n\n\n\n<h1 class=\"wp-block-heading\">Zwuckel<\/h1>\n\n\n\n<p><\/p>\n","protected":false},"excerpt":{"rendered":"<p>Nobby-Dick vom H\u00fcgelchen geboren am 5. Oktober 2023Rufname: Nobby Manche Hunde werden geboren, um alles ein bisschen heller zu machen.Nobby ist so einer. Er war unser kleinster Wurf\u00a0 ein Einzelkind.Schon vor der Geburt war klar: Das wird kein leichter Start. Denn bei nur einem Welpen fehlt oft die n\u00f6tige Wehent\u00e4tigkeit, ein nat\u00fcrlicher Geburtsverlauf ist selten m\u00f6glich. Geplanter Kaiserschnitt? Kaum durchf\u00fchrbar. Also hie\u00df es: Warten, beobachten, hoffen. Am 5. Oktober 2023 kam Nobby schlie\u00dflich per Kaiserschnitt zur Welt zart, winzig und voller Lebenswillen. Doch die ersten Tage waren nicht einfach. Seine Mama hatte nach dem Eingriff kaum Milch, und so begannen wir, ihn Tag und Nacht liebevoll mit der Flasche zu [&hellip;]<\/p>\n","protected":false},"author":1,"featured_media":0,"parent":0,"menu_order":0,"comment_status":"closed","ping_status":"closed","template":"","meta":{"footnotes":""},"class_list":["post-140","page","type-page","status-publish","hentry"],"jetpack_sharing_enabled":true,"_links":{"self":[{"href":"https:\/\/www.dackelbeglueckt.de\/index.php?rest_route=\/wp\/v2\/pages\/140","targetHints":{"allow":["GET"]}}],"collection":[{"href":"https:\/\/www.dackelbeglueckt.de\/index.php?rest_route=\/wp\/v2\/pages"}],"about":[{"href":"https:\/\/www.dackelbeglueckt.de\/index.php?rest_route=\/wp\/v2\/types\/page"}],"author":[{"embeddable":true,"href":"https:\/\/www.dackelbeglueckt.de\/index.php?rest_route=\/wp\/v2\/users\/1"}],"replies":[{"embeddable":true,"href":"https:\/\/www.dackelbeglueckt.de\/index.php?rest_route=%2Fwp%2Fv2%2Fcomments&post=140"}],"version-history":[{"count":255,"href":"https:\/\/www.dackelbeglueckt.de\/index.php?rest_route=\/wp\/v2\/pages\/140\/revisions"}],"predecessor-version":[{"id":2227,"href":"https:\/\/www.dackelbeglueckt.de\/index.php?rest_route=\/wp\/v2\/pages\/140\/revisions\/2227"}],"wp:attachment":[{"href":"https:\/\/www.dackelbeglueckt.de\/index.php?rest_route=%2Fwp%2Fv2%2Fmedia&parent=140"}],"curies":[{"name":"wp","href":"https:\/\/api.w.org\/{rel}","templated":true}]}}