{"id":2051,"date":"2025-07-29T11:31:09","date_gmt":"2025-07-29T11:31:09","guid":{"rendered":"https:\/\/www.dackelzucht-vom-huegelchen.de\/?page_id=2051"},"modified":"2025-07-29T12:03:13","modified_gmt":"2025-07-29T12:03:13","slug":"dackelgeschichten","status":"publish","type":"page","link":"https:\/\/www.dackelbeglueckt.de\/?page_id=2051","title":{"rendered":"Dackelgeschichten"},"content":{"rendered":"\n<figure class=\"wp-block-image size-large is-resized\"><a href=\"https:\/\/www.dackelbeglueckt.de\/wp-content\/uploads\/2025\/07\/IMG_20210422_201727398-scaled-e1753789844136.jpg\"><img loading=\"lazy\" decoding=\"async\" src=\"https:\/\/www.dackelbeglueckt.de\/wp-content\/uploads\/2025\/07\/IMG_20210422_201727398-scaled-e1753789844136-730x1024.jpg\" alt=\"\" class=\"wp-image-2057\" width=\"156\" height=\"218\" srcset=\"https:\/\/www.dackelbeglueckt.de\/wp-content\/uploads\/2025\/07\/IMG_20210422_201727398-scaled-e1753789844136-730x1024.jpg 730w, https:\/\/www.dackelbeglueckt.de\/wp-content\/uploads\/2025\/07\/IMG_20210422_201727398-scaled-e1753789844136-214x300.jpg 214w, https:\/\/www.dackelbeglueckt.de\/wp-content\/uploads\/2025\/07\/IMG_20210422_201727398-scaled-e1753789844136-768x1077.jpg 768w, https:\/\/www.dackelbeglueckt.de\/wp-content\/uploads\/2025\/07\/IMG_20210422_201727398-scaled-e1753789844136-1095x1536.jpg 1095w, https:\/\/www.dackelbeglueckt.de\/wp-content\/uploads\/2025\/07\/IMG_20210422_201727398-scaled-e1753789844136-624x875.jpg 624w, https:\/\/www.dackelbeglueckt.de\/wp-content\/uploads\/2025\/07\/IMG_20210422_201727398-scaled-e1753789844136.jpg 1177w\" sizes=\"auto, (max-width: 156px) 100vw, 156px\" \/><\/a><figcaption class=\"wp-element-caption\">\u201e<strong>Zwuckel  mein Herz auf vier Pfoten. Deine Liebe war bedingungslos, dein Blick verstand mich ohne Worte. In deinen Augen war ich immer genug. Dieses Bild tr\u00e4gt unsere ganze Geschichte  N\u00e4he, Vertrauen, Freude. F\u00fcr immer mein Seelenhund. F\u00fcr immer wir.\u201c<\/strong><\/figcaption><\/figure>\n\n\n\n<h3 class=\"wp-block-heading\">Dackelgeschichte: <strong>Zwuckel auf hoher See<\/strong><\/h3>\n\n\n\n<p>Zwuckel war mehr als nur ein Dackel. Er war unser Seelenhund, ein kleiner K\u00e4mpfer mit riesengro\u00dfem Herzen. Bereits mit vier Jahren hatte er einen schweren Unfall, der ihm seine Hinterl\u00e4ufe gel\u00e4hmt hat. Er konnte nicht operiert werden . F\u00fcr viele ein Schicksalsschlag  f\u00fcr Zwuckel der Beginn einer neuen Lebensetappe. Mit ganz viel Geduld, Training und Liebe lernte er wieder zu laufen. Zwischendurch flitzte er sogar im Rolli durch den Garten. Zwuckel lie\u00df sich vom Leben nie unterkriegen  er lebte es auf seine eigene, ganz besondere Art.<\/p>\n\n\n\n<p><strong>Und manchmal eben auch gef\u00e4hrlich frei  wie bei unserer Reise nach Griechenland.<\/strong><\/p>\n\n\n\n<p>Mit der F\u00e4hre fuhren wir \u00fcber das Mittelmeer, drei Dackel im Gep\u00e4ck. Wer mit Hund reist, kennt das: Gassigehen ist nur an Deck erlaubt. Also Leinen dran, Treppen hoch, das \u00fcbliche \u201eKommt, wir m\u00fcssen mal!\u201c  und wieder zur\u00fcck in die Kabine.<\/p>\n\n\n\n<p>Doch diesmal war alles anders. Ich schlie\u00dfe die T\u00fcr auf, sehe auf die Leinen  und mir stockt der Atem: nur zwei Dackel. Zwuckel war weg.<\/p>\n\n\n\n<p>Panik. Tr\u00e4nen. Gedankenkarussell. Ist er \u00fcber Bord gefallen? Eingeklemmt in einer T\u00fcr? Wie sucht man bitte einen Hund auf einem Schiff mit 11 Decks?<\/p>\n\n\n\n<p>Doch dann geschah etwas Wunderbares. Eine Gruppe deutscher Sch\u00fcler bekam meine Aufregung mit. Ich zeigte ihnen ein Bild von Zwuckel auf meinem Handy. Ohne zu z\u00f6gern starteten sie eine Suchaktion. Sie informierten ihre Lehrer, sprachen andere Fahrg\u00e4ste an, durchsuchten die Decks &#8220; Dackel-Detektive &#8222;mit Herz.<\/p>\n\n\n\n<p>Nach zwei endlosen Stunden dann die Erl\u00f6sung: Ein Sch\u00fcler kam mit einem strahlenden L\u00e4cheln und\u2026 Zwuckel auf dem Arm. Der kleine Ausrei\u00dfer hatte sich unter Fernfahrern gem\u00fctlich gemacht, W\u00fcrstchen geschnorrt und seinen Kurzurlaub genossen.<\/p>\n\n\n\n<p>Das war Zwuckel. Frech, liebenswert, clever  und immer f\u00fcr ein Abenteuer gut. Seit dem 4. November 2024 lebt er nicht mehr bei uns, aber seine Urne steht bei uns im Wohnzimmer. Und ganz bestimmt sein Geist, der lebt weiter. In unseren Herzen  und in Geschichten wie dieser.<\/p>\n","protected":false},"excerpt":{"rendered":"<p>Dackelgeschichte: Zwuckel auf hoher See Zwuckel war mehr als nur ein Dackel. Er war unser Seelenhund, ein kleiner K\u00e4mpfer mit riesengro\u00dfem Herzen. Bereits mit vier Jahren hatte er einen schweren Unfall, der ihm seine Hinterl\u00e4ufe gel\u00e4hmt hat. Er konnte nicht operiert werden . F\u00fcr viele ein Schicksalsschlag f\u00fcr Zwuckel der Beginn einer neuen Lebensetappe. Mit ganz viel Geduld, Training und Liebe lernte er wieder zu laufen. Zwischendurch flitzte er sogar im Rolli durch den Garten. Zwuckel lie\u00df sich vom Leben nie unterkriegen er lebte es auf seine eigene, ganz besondere Art. Und manchmal eben auch gef\u00e4hrlich frei wie bei unserer Reise nach Griechenland. Mit der F\u00e4hre fuhren wir \u00fcber das [&hellip;]<\/p>\n","protected":false},"author":1,"featured_media":0,"parent":0,"menu_order":0,"comment_status":"closed","ping_status":"closed","template":"","meta":{"footnotes":""},"class_list":["post-2051","page","type-page","status-publish","hentry"],"jetpack_sharing_enabled":true,"_links":{"self":[{"href":"https:\/\/www.dackelbeglueckt.de\/index.php?rest_route=\/wp\/v2\/pages\/2051","targetHints":{"allow":["GET"]}}],"collection":[{"href":"https:\/\/www.dackelbeglueckt.de\/index.php?rest_route=\/wp\/v2\/pages"}],"about":[{"href":"https:\/\/www.dackelbeglueckt.de\/index.php?rest_route=\/wp\/v2\/types\/page"}],"author":[{"embeddable":true,"href":"https:\/\/www.dackelbeglueckt.de\/index.php?rest_route=\/wp\/v2\/users\/1"}],"replies":[{"embeddable":true,"href":"https:\/\/www.dackelbeglueckt.de\/index.php?rest_route=%2Fwp%2Fv2%2Fcomments&post=2051"}],"version-history":[{"count":4,"href":"https:\/\/www.dackelbeglueckt.de\/index.php?rest_route=\/wp\/v2\/pages\/2051\/revisions"}],"predecessor-version":[{"id":2062,"href":"https:\/\/www.dackelbeglueckt.de\/index.php?rest_route=\/wp\/v2\/pages\/2051\/revisions\/2062"}],"wp:attachment":[{"href":"https:\/\/www.dackelbeglueckt.de\/index.php?rest_route=%2Fwp%2Fv2%2Fmedia&parent=2051"}],"curies":[{"name":"wp","href":"https:\/\/api.w.org\/{rel}","templated":true}]}}