{"id":2114,"date":"2025-07-31T08:42:13","date_gmt":"2025-07-31T08:42:13","guid":{"rendered":"https:\/\/www.dackelzucht-vom-huegelchen.de\/?page_id=2114"},"modified":"2026-04-07T16:59:01","modified_gmt":"2026-04-07T16:59:01","slug":"wenn-ein-bild-das-herz-zum-schmunzeln-bringt","status":"publish","type":"page","link":"https:\/\/www.dackelbeglueckt.de\/?page_id=2114","title":{"rendered":"Herzenssachen &#038; Zitate"},"content":{"rendered":"\n<figure class=\"wp-block-image size-large is-resized\"><a href=\"https:\/\/www.dackelbeglueckt.de\/wp-content\/uploads\/2025\/07\/1753949871861-scaled-e1753950668387.jpg\"><img loading=\"lazy\" decoding=\"async\" width=\"1024\" height=\"768\" src=\"https:\/\/www.dackelbeglueckt.de\/wp-content\/uploads\/2025\/07\/1753949871861-scaled-e1753950668387-1024x768.jpg\" alt=\"\" class=\"wp-image-2111\" style=\"width:407px;height:305px\" srcset=\"https:\/\/www.dackelbeglueckt.de\/wp-content\/uploads\/2025\/07\/1753949871861-scaled-e1753950668387-1024x768.jpg 1024w, https:\/\/www.dackelbeglueckt.de\/wp-content\/uploads\/2025\/07\/1753949871861-scaled-e1753950668387-300x225.jpg 300w, https:\/\/www.dackelbeglueckt.de\/wp-content\/uploads\/2025\/07\/1753949871861-scaled-e1753950668387-768x576.jpg 768w, https:\/\/www.dackelbeglueckt.de\/wp-content\/uploads\/2025\/07\/1753949871861-scaled-e1753950668387-1536x1152.jpg 1536w, https:\/\/www.dackelbeglueckt.de\/wp-content\/uploads\/2025\/07\/1753949871861-scaled-e1753950668387-2048x1536.jpg 2048w, https:\/\/www.dackelbeglueckt.de\/wp-content\/uploads\/2025\/07\/1753949871861-scaled-e1753950668387-624x468.jpg 624w\" sizes=\"auto, (max-width: 1024px) 100vw, 1024px\" \/><\/a><\/figure>\n\n\n\n<h3 class=\"wp-block-heading\">Wenn ein Bild das Herz zum Schmunzeln bringt<\/h3>\n\n\n\n<h3 class=\"wp-block-heading\"><strong>So sieht mich Mia.<\/strong><\/h3>\n\n\n\n<blockquote class=\"wp-block-quote is-layout-flow wp-block-quote-is-layout-flow\">\n<p>Ein Kleid voller Blumen, ein Kopf voller Sonne  und nat\u00fcrlich jede Menge Dackel um mich herum.<\/p>\n\n\n\n<p>Mia (7), die Tochter meiner allerbesten Freundin, hat dieses kleine Meisterwerk gemalt. Und ehrlich gesagt:<br><strong>Ich f\u00fchle mich ziemlich gut getroffen.<\/strong><\/p>\n\n\n\n<p>So bunt, so fr\u00f6hlich, so\u2026 dackelbegl\u00fcckt.<\/p>\n\n\n\n<p>Danke, Mia  dein Bild bekommt hier seinen Ehrenplatz.<br>Weil\u2019s sch\u00f6ner nicht geht: gezeichnet mit Herz, Blick f\u00fcrs Detail  und ganz viel Dackelgl\u00fcck. <\/p>\n<\/blockquote>\n\n\n\n<p><\/p>\n\n\n\n<blockquote class=\"wp-block-quote is-layout-flow wp-block-quote-is-layout-flow\">\n<p><\/p>\n<\/blockquote>\n\n\n\n<h2 class=\"wp-block-heading\">Zitate<\/h2>\n\n\n\n<figure class=\"wp-block-image size-large is-resized\"><a href=\"https:\/\/www.dackelbeglueckt.de\/wp-content\/uploads\/2025\/08\/Der-Hund-begleitet-Dich-im-Glueck-weicht-aber-auch-in-der-Not-nicht-zurueck..png\"><img loading=\"lazy\" decoding=\"async\" width=\"867\" height=\"1024\" src=\"https:\/\/www.dackelbeglueckt.de\/wp-content\/uploads\/2025\/08\/Der-Hund-begleitet-Dich-im-Glueck-weicht-aber-auch-in-der-Not-nicht-zurueck.-867x1024.png\" alt=\"\" class=\"wp-image-2169\" style=\"width:219px;height:258px\" srcset=\"https:\/\/www.dackelbeglueckt.de\/wp-content\/uploads\/2025\/08\/Der-Hund-begleitet-Dich-im-Glueck-weicht-aber-auch-in-der-Not-nicht-zurueck.-867x1024.png 867w, https:\/\/www.dackelbeglueckt.de\/wp-content\/uploads\/2025\/08\/Der-Hund-begleitet-Dich-im-Glueck-weicht-aber-auch-in-der-Not-nicht-zurueck.-254x300.png 254w, https:\/\/www.dackelbeglueckt.de\/wp-content\/uploads\/2025\/08\/Der-Hund-begleitet-Dich-im-Glueck-weicht-aber-auch-in-der-Not-nicht-zurueck.-768x908.png 768w, https:\/\/www.dackelbeglueckt.de\/wp-content\/uploads\/2025\/08\/Der-Hund-begleitet-Dich-im-Glueck-weicht-aber-auch-in-der-Not-nicht-zurueck.-624x737.png 624w, https:\/\/www.dackelbeglueckt.de\/wp-content\/uploads\/2025\/08\/Der-Hund-begleitet-Dich-im-Glueck-weicht-aber-auch-in-der-Not-nicht-zurueck..png 1299w\" sizes=\"auto, (max-width: 867px) 100vw, 867px\" \/><\/a><\/figure>\n\n\n\n<figure class=\"wp-block-image size-large is-resized\"><a href=\"https:\/\/www.dackelbeglueckt.de\/wp-content\/uploads\/2025\/08\/Urlaub-mit-Hund-ist-die-beste-Medizin..png\"><img loading=\"lazy\" decoding=\"async\" width=\"1024\" height=\"726\" src=\"https:\/\/www.dackelbeglueckt.de\/wp-content\/uploads\/2025\/08\/Urlaub-mit-Hund-ist-die-beste-Medizin.-1024x726.png\" alt=\"\" class=\"wp-image-2167\" style=\"width:405px;height:287px\" srcset=\"https:\/\/www.dackelbeglueckt.de\/wp-content\/uploads\/2025\/08\/Urlaub-mit-Hund-ist-die-beste-Medizin.-1024x726.png 1024w, https:\/\/www.dackelbeglueckt.de\/wp-content\/uploads\/2025\/08\/Urlaub-mit-Hund-ist-die-beste-Medizin.-300x213.png 300w, https:\/\/www.dackelbeglueckt.de\/wp-content\/uploads\/2025\/08\/Urlaub-mit-Hund-ist-die-beste-Medizin.-768x545.png 768w, https:\/\/www.dackelbeglueckt.de\/wp-content\/uploads\/2025\/08\/Urlaub-mit-Hund-ist-die-beste-Medizin.-1536x1090.png 1536w, https:\/\/www.dackelbeglueckt.de\/wp-content\/uploads\/2025\/08\/Urlaub-mit-Hund-ist-die-beste-Medizin.-624x443.png 624w, https:\/\/www.dackelbeglueckt.de\/wp-content\/uploads\/2025\/08\/Urlaub-mit-Hund-ist-die-beste-Medizin..png 1748w\" sizes=\"auto, (max-width: 1024px) 100vw, 1024px\" \/><\/a><\/figure>\n\n\n\n<div class=\"wp-block-columns is-layout-flex wp-container-core-columns-is-layout-9d6595d7 wp-block-columns-is-layout-flex\">\n<div class=\"wp-block-column is-layout-flow wp-block-column-is-layout-flow\" style=\"flex-basis:100%\">\n<figure class=\"wp-block-image size-large\"><a href=\"https:\/\/www.dackelbeglueckt.de\/wp-content\/uploads\/2026\/04\/amazon-t-shirt-1.jpg\"><img loading=\"lazy\" decoding=\"async\" width=\"724\" height=\"1024\" src=\"https:\/\/www.dackelbeglueckt.de\/wp-content\/uploads\/2026\/04\/amazon-t-shirt-1-724x1024.jpg\" alt=\"\" class=\"wp-image-2217\" srcset=\"https:\/\/www.dackelbeglueckt.de\/wp-content\/uploads\/2026\/04\/amazon-t-shirt-1-724x1024.jpg 724w, https:\/\/www.dackelbeglueckt.de\/wp-content\/uploads\/2026\/04\/amazon-t-shirt-1-212x300.jpg 212w, https:\/\/www.dackelbeglueckt.de\/wp-content\/uploads\/2026\/04\/amazon-t-shirt-1-768x1086.jpg 768w, https:\/\/www.dackelbeglueckt.de\/wp-content\/uploads\/2026\/04\/amazon-t-shirt-1-1086x1536.jpg 1086w, https:\/\/www.dackelbeglueckt.de\/wp-content\/uploads\/2026\/04\/amazon-t-shirt-1-624x883.jpg 624w, https:\/\/www.dackelbeglueckt.de\/wp-content\/uploads\/2026\/04\/amazon-t-shirt-1.jpg 1414w\" sizes=\"auto, (max-width: 724px) 100vw, 724px\" \/><\/a><\/figure>\n<\/div>\n<\/div>\n","protected":false},"excerpt":{"rendered":"<p>Wenn ein Bild das Herz zum Schmunzeln bringt So sieht mich Mia. Ein Kleid voller Blumen, ein Kopf voller Sonne und nat\u00fcrlich jede Menge Dackel um mich herum. Mia (7), die Tochter meiner allerbesten Freundin, hat dieses kleine Meisterwerk gemalt. Und ehrlich gesagt:Ich f\u00fchle mich ziemlich gut getroffen. So bunt, so fr\u00f6hlich, so\u2026 dackelbegl\u00fcckt. Danke, Mia dein Bild bekommt hier seinen Ehrenplatz.Weil\u2019s sch\u00f6ner nicht geht: gezeichnet mit Herz, Blick f\u00fcrs Detail und ganz viel Dackelgl\u00fcck. Zitate<\/p>\n","protected":false},"author":1,"featured_media":0,"parent":0,"menu_order":5,"comment_status":"closed","ping_status":"closed","template":"","meta":{"footnotes":""},"class_list":["post-2114","page","type-page","status-publish","hentry"],"jetpack_sharing_enabled":true,"_links":{"self":[{"href":"https:\/\/www.dackelbeglueckt.de\/index.php?rest_route=\/wp\/v2\/pages\/2114","targetHints":{"allow":["GET"]}}],"collection":[{"href":"https:\/\/www.dackelbeglueckt.de\/index.php?rest_route=\/wp\/v2\/pages"}],"about":[{"href":"https:\/\/www.dackelbeglueckt.de\/index.php?rest_route=\/wp\/v2\/types\/page"}],"author":[{"embeddable":true,"href":"https:\/\/www.dackelbeglueckt.de\/index.php?rest_route=\/wp\/v2\/users\/1"}],"replies":[{"embeddable":true,"href":"https:\/\/www.dackelbeglueckt.de\/index.php?rest_route=%2Fwp%2Fv2%2Fcomments&post=2114"}],"version-history":[{"count":7,"href":"https:\/\/www.dackelbeglueckt.de\/index.php?rest_route=\/wp\/v2\/pages\/2114\/revisions"}],"predecessor-version":[{"id":2218,"href":"https:\/\/www.dackelbeglueckt.de\/index.php?rest_route=\/wp\/v2\/pages\/2114\/revisions\/2218"}],"wp:attachment":[{"href":"https:\/\/www.dackelbeglueckt.de\/index.php?rest_route=%2Fwp%2Fv2%2Fmedia&parent=2114"}],"curies":[{"name":"wp","href":"https:\/\/api.w.org\/{rel}","templated":true}]}}