{"id":35,"date":"2015-06-21T10:51:39","date_gmt":"2015-06-21T10:51:39","guid":{"rendered":"http:\/\/dackelzucht-vom-huegelchen.de\/?page_id=35"},"modified":"2026-04-07T17:02:08","modified_gmt":"2026-04-07T17:02:08","slug":"home","status":"publish","type":"page","link":"https:\/\/www.dackelbeglueckt.de\/","title":{"rendered":"Home"},"content":{"rendered":"<p data-start=\"180\" data-end=\"214\"><strong data-start=\"180\" data-end=\"212\">Startseite \u2013 dackelbegl\u00fcckt!<\/strong><\/p>\n<p data-start=\"216\" data-end=\"443\">Fr\u00fcher bekannt als \u201eDackelzucht vom H\u00fcgelchen\u201c, heute einfach <strong>d<\/strong><strong data-start=\"278\" data-end=\"296\">ackelbegl\u00fcckt<\/strong>.<br data-start=\"297\" data-end=\"300\" \/>Unsere Zucht ist vorbei \u2013 aber die Dackelliebe ist geblieben! Jetzt starten wir unter unserem eigenen Label in ein neues, spannendes Kapitel.<\/p>\n<p data-start=\"445\" data-end=\"803\"><strong data-start=\"445\" data-end=\"476\">Wie Dackelbegl\u00fcckt entstand<\/strong><br data-start=\"476\" data-end=\"479\" \/>Der Name \u201eDackelbegl\u00fcckt\u201c kam ganz spontan: Auf einer F\u00e4hre nach Griechenland, umgeben von unseren Vierbeinern, kam ein Dackelfan zu uns und schw\u00e4rmte von unseren Hunden. Lachend sagte ich: \u201eIch bin einfach dackelbegl\u00fcckt!\u201c Damals h\u00e4tte ich nie gedacht, dass aus diesem Moment einmal <strong data-start=\"763\" data-end=\"795\">unser offizieller Markenname<\/strong> wird.<\/p>\n<p data-start=\"805\" data-end=\"1052\"><strong data-start=\"805\" data-end=\"836\">Was Dackelbegl\u00fcckt bedeutet<\/strong><br data-start=\"836\" data-end=\"839\" \/>F\u00fcr uns ist Dackelbegl\u00fcckt ein Gef\u00fchl: tapsige Pfoten, freche Blicke, kleine Herzensmomente \u2013 und jede Menge Freude. Dieses Gl\u00fcck wollen wir mit euch teilen \u2013 durch Geschichten, Fotos und unsere kreativen Ideen.<\/p>\n<p data-start=\"1054\" data-end=\"1320\"><strong data-start=\"1054\" data-end=\"1071\">Unsere Vision<\/strong><br data-start=\"1071\" data-end=\"1074\" \/>Unsere Produkte sind noch am Anfang: Die ersten Kontakte mit kleinen Manufakturen in Deutschland und Polen laufen, denn wir suchen <strong data-start=\"1205\" data-end=\"1246\">Menschen, die unsere Vision verstehen<\/strong> und die mit uns gemeinsam hochwertige, nachhaltige Produkte erschaffen.<\/p>\n<p data-start=\"1322\" data-end=\"1541\">Freut euch auf alles, was das Dackelherz h\u00f6her schlagen l\u00e4sst: n\u00fctzliche Dinge f\u00fcrs Reisen mit euren Vierbeinern, lustige Spr\u00fcche, Tassen, T-Shirts \u2013 kleine Highlights f\u00fcr Frauchen, Herrchen und alle Dackelverr\u00fcckten.<\/p>\n<p data-start=\"1543\" data-end=\"1662\">Bleibt gespannt \u2013 wir hoffen, <strong data-start=\"1573\" data-end=\"1606\">ab Herbst unseren Online-Shop<\/strong> zu starten und euch unsere ersten Produkte zu zeigen.<\/p>\n<p data-start=\"1610\" data-end=\"1723\">Viel Spa\u00df beim St\u00f6bern, Schmunzeln und Dackelverlieben!<br data-start=\"1665\" data-end=\"1668\" \/>F\u00fchlt euch willkommen\u00a0 mitten in unserem Dackelalltag.<\/p>\n<p data-start=\"1404\" data-end=\"1502\">\n<hr data-start=\"1504\" data-end=\"1507\" \/>\n<p>&nbsp;<\/p>\n<hr data-start=\"1504\" data-end=\"1507\" \/>\n<p><em><strong>\u00a0 \u00a0 \u00a0 \u00a0 \u00a0 \u00a0 \u00a0 \u00a0 \u00a0 \u00a0 \u00a0 \u00a0 \u00a0 \u00a0 \u00a0 \u00a0 \u00a0 \u00a0 \u00a0 \u00a0\u00a0<\/strong><\/em><\/p>\n\n\n<figure class=\"wp-block-image size-large\"><a href=\"https:\/\/www.dackelbeglueckt.de\/wp-content\/uploads\/2025\/07\/cropped-Filou-1.jpg\"><img loading=\"lazy\" decoding=\"async\" width=\"1015\" height=\"1024\" src=\"https:\/\/www.dackelbeglueckt.de\/wp-content\/uploads\/2025\/07\/cropped-Filou-1-1015x1024.jpg\" alt=\"\" class=\"wp-image-2024\" srcset=\"https:\/\/www.dackelbeglueckt.de\/wp-content\/uploads\/2025\/07\/cropped-Filou-1-1015x1024.jpg 1015w, https:\/\/www.dackelbeglueckt.de\/wp-content\/uploads\/2025\/07\/cropped-Filou-1-297x300.jpg 297w, https:\/\/www.dackelbeglueckt.de\/wp-content\/uploads\/2025\/07\/cropped-Filou-1-150x150.jpg 150w, https:\/\/www.dackelbeglueckt.de\/wp-content\/uploads\/2025\/07\/cropped-Filou-1-768x775.jpg 768w, https:\/\/www.dackelbeglueckt.de\/wp-content\/uploads\/2025\/07\/cropped-Filou-1-624x629.jpg 624w, https:\/\/www.dackelbeglueckt.de\/wp-content\/uploads\/2025\/07\/cropped-Filou-1.jpg 1280w\" sizes=\"auto, (max-width: 1015px) 100vw, 1015px\" \/><\/a><\/figure>\n","protected":false},"excerpt":{"rendered":"<p>Startseite \u2013 dackelbegl\u00fcckt! Fr\u00fcher bekannt als \u201eDackelzucht vom H\u00fcgelchen\u201c, heute einfach dackelbegl\u00fcckt.Unsere Zucht ist vorbei \u2013 aber die Dackelliebe ist geblieben! Jetzt starten wir unter unserem eigenen Label in ein neues, spannendes Kapitel. Wie Dackelbegl\u00fcckt entstandDer Name \u201eDackelbegl\u00fcckt\u201c kam ganz spontan: Auf einer F\u00e4hre nach Griechenland, umgeben von unseren Vierbeinern, kam ein Dackelfan zu uns und schw\u00e4rmte von unseren Hunden. Lachend sagte ich: \u201eIch bin einfach dackelbegl\u00fcckt!\u201c Damals h\u00e4tte ich nie gedacht, dass aus diesem Moment einmal unser offizieller Markenname wird. Was Dackelbegl\u00fcckt bedeutetF\u00fcr uns ist Dackelbegl\u00fcckt ein Gef\u00fchl: tapsige Pfoten, freche Blicke, kleine Herzensmomente \u2013 und jede Menge Freude. Dieses Gl\u00fcck wollen wir mit euch teilen \u2013 durch Geschichten, [&hellip;]<\/p>\n","protected":false},"author":1,"featured_media":0,"parent":0,"menu_order":0,"comment_status":"closed","ping_status":"closed","template":"","meta":{"footnotes":""},"class_list":["post-35","page","type-page","status-publish","hentry"],"jetpack_sharing_enabled":true,"_links":{"self":[{"href":"https:\/\/www.dackelbeglueckt.de\/index.php?rest_route=\/wp\/v2\/pages\/35","targetHints":{"allow":["GET"]}}],"collection":[{"href":"https:\/\/www.dackelbeglueckt.de\/index.php?rest_route=\/wp\/v2\/pages"}],"about":[{"href":"https:\/\/www.dackelbeglueckt.de\/index.php?rest_route=\/wp\/v2\/types\/page"}],"author":[{"embeddable":true,"href":"https:\/\/www.dackelbeglueckt.de\/index.php?rest_route=\/wp\/v2\/users\/1"}],"replies":[{"embeddable":true,"href":"https:\/\/www.dackelbeglueckt.de\/index.php?rest_route=%2Fwp%2Fv2%2Fcomments&post=35"}],"version-history":[{"count":25,"href":"https:\/\/www.dackelbeglueckt.de\/index.php?rest_route=\/wp\/v2\/pages\/35\/revisions"}],"predecessor-version":[{"id":2219,"href":"https:\/\/www.dackelbeglueckt.de\/index.php?rest_route=\/wp\/v2\/pages\/35\/revisions\/2219"}],"wp:attachment":[{"href":"https:\/\/www.dackelbeglueckt.de\/index.php?rest_route=%2Fwp%2Fv2%2Fmedia&parent=35"}],"curies":[{"name":"wp","href":"https:\/\/api.w.org\/{rel}","templated":true}]}}