{"id":7,"date":"2015-06-21T10:44:07","date_gmt":"2015-06-21T10:44:07","guid":{"rendered":"http:\/\/dackelzucht-vom-huegelchen.de\/?page_id=7"},"modified":"2026-04-07T17:23:21","modified_gmt":"2026-04-07T17:23:21","slug":"ueber-uns","status":"publish","type":"page","link":"https:\/\/www.dackelbeglueckt.de\/?page_id=7","title":{"rendered":"\u00dcber uns"},"content":{"rendered":"<h2 data-section-id=\"19gtb4t\" data-start=\"133\" data-end=\"171\"><strong data-start=\"139\" data-end=\"171\"><a href=\"https:\/\/www.dackelbeglueckt.de\/wp-content\/uploads\/2023\/02\/IMG_5045-scaled.jpg\"><br \/>\n<img loading=\"lazy\" decoding=\"async\" class=\"wp-image-1523 alignnone\" src=\"https:\/\/www.dackelbeglueckt.de\/wp-content\/uploads\/2023\/02\/IMG_5045-300x200.jpg\" alt=\"\" width=\"322\" height=\"214\" srcset=\"https:\/\/www.dackelbeglueckt.de\/wp-content\/uploads\/2023\/02\/IMG_5045-300x200.jpg 300w, https:\/\/www.dackelbeglueckt.de\/wp-content\/uploads\/2023\/02\/IMG_5045-1024x683.jpg 1024w, https:\/\/www.dackelbeglueckt.de\/wp-content\/uploads\/2023\/02\/IMG_5045-768x512.jpg 768w, https:\/\/www.dackelbeglueckt.de\/wp-content\/uploads\/2023\/02\/IMG_5045-1536x1024.jpg 1536w, https:\/\/www.dackelbeglueckt.de\/wp-content\/uploads\/2023\/02\/IMG_5045-2048x1365.jpg 2048w, https:\/\/www.dackelbeglueckt.de\/wp-content\/uploads\/2023\/02\/IMG_5045-624x416.jpg 624w\" sizes=\"auto, (max-width: 322px) 100vw, 322px\" \/><\/a><\/strong><\/h2>\n<p data-start=\"214\" data-end=\"267\"><strong data-start=\"214\" data-end=\"265\">Dackelbegl\u00fcckt \u2013 ein Abschied und ein Neubeginn<\/strong><\/p>\n<p data-start=\"269\" data-end=\"573\">\u00dcber 10 Jahre durften wir als Z\u00fcchter viele wunderbare Dackel auf ihrem Lebensweg begleiten. Jede kleine Pfote, jedes freudige Schwanzwedeln, jede Begegnung mit tollen Menschen, die unsere Liebe zu den Dackeln teilten \u2013 all das hat unser Herz erf\u00fcllt und uns unz\u00e4hlige unvergessliche Momente geschenkt.<\/p>\n<p data-start=\"575\" data-end=\"836\">Unsere Zucht war f\u00fcr uns weit mehr als ein Hobby \u2013 sie war Leidenschaft, Verantwortung und ein St\u00fcck Familie. Wir haben gelernt, gelacht, manchmal auch gezweifelt, aber immer sind wir dankbar f\u00fcr all die kleinen Dackelherzen, die unser Leben bereichert haben.<\/p>\n<p data-start=\"838\" data-end=\"1093\">Jetzt ist die Zeit gekommen, diesen Abschnitt zu schlie\u00dfen und unter dem Namen<\/p>\n<p data-start=\"838\" data-end=\"1093\"><strong data-start=\"917\" data-end=\"935\">Dackelbegl\u00fcckt<\/strong> in ein neues, aufregendes Kapitel zu starten. Was genau kommt? Neue Ideen, neue Abenteuer \u2013 und nat\u00fcrlich weiterhin ganz viel Liebe zu unseren Vierbeinern.<\/p>\n<p data-start=\"1095\" data-end=\"1151\">Wir freuen uns, wenn ihr uns auf diesem Weg begleitet!<\/p>\n<hr data-start=\"1736\" data-end=\"1739\" \/>\n<h1><\/h1>\n<h2><\/h2>\n\n\n<p><\/p>\n","protected":false},"excerpt":{"rendered":"<p>Dackelbegl\u00fcckt \u2013 ein Abschied und ein Neubeginn \u00dcber 10 Jahre durften wir als Z\u00fcchter viele wunderbare Dackel auf ihrem Lebensweg begleiten. Jede kleine Pfote, jedes freudige Schwanzwedeln, jede Begegnung mit tollen Menschen, die unsere Liebe zu den Dackeln teilten \u2013 all das hat unser Herz erf\u00fcllt und uns unz\u00e4hlige unvergessliche Momente geschenkt. Unsere Zucht war f\u00fcr uns weit mehr als ein Hobby \u2013 sie war Leidenschaft, Verantwortung und ein St\u00fcck Familie. Wir haben gelernt, gelacht, manchmal auch gezweifelt, aber immer sind wir dankbar f\u00fcr all die kleinen Dackelherzen, die unser Leben bereichert haben. Jetzt ist die Zeit gekommen, diesen Abschnitt zu schlie\u00dfen und unter dem Namen Dackelbegl\u00fcckt in ein neues, [&hellip;]<\/p>\n","protected":false},"author":1,"featured_media":0,"parent":0,"menu_order":0,"comment_status":"closed","ping_status":"closed","template":"","meta":{"footnotes":""},"class_list":["post-7","page","type-page","status-publish","hentry"],"jetpack_sharing_enabled":true,"_links":{"self":[{"href":"https:\/\/www.dackelbeglueckt.de\/index.php?rest_route=\/wp\/v2\/pages\/7","targetHints":{"allow":["GET"]}}],"collection":[{"href":"https:\/\/www.dackelbeglueckt.de\/index.php?rest_route=\/wp\/v2\/pages"}],"about":[{"href":"https:\/\/www.dackelbeglueckt.de\/index.php?rest_route=\/wp\/v2\/types\/page"}],"author":[{"embeddable":true,"href":"https:\/\/www.dackelbeglueckt.de\/index.php?rest_route=\/wp\/v2\/users\/1"}],"replies":[{"embeddable":true,"href":"https:\/\/www.dackelbeglueckt.de\/index.php?rest_route=%2Fwp%2Fv2%2Fcomments&post=7"}],"version-history":[{"count":84,"href":"https:\/\/www.dackelbeglueckt.de\/index.php?rest_route=\/wp\/v2\/pages\/7\/revisions"}],"predecessor-version":[{"id":2225,"href":"https:\/\/www.dackelbeglueckt.de\/index.php?rest_route=\/wp\/v2\/pages\/7\/revisions\/2225"}],"wp:attachment":[{"href":"https:\/\/www.dackelbeglueckt.de\/index.php?rest_route=%2Fwp%2Fv2%2Fmedia&parent=7"}],"curies":[{"name":"wp","href":"https:\/\/api.w.org\/{rel}","templated":true}]}}